{"id":265,"date":"2025-09-10T14:45:46","date_gmt":"2025-09-10T14:45:46","guid":{"rendered":"https:\/\/notanagency.ch\/?page_id=265"},"modified":"2025-09-10T15:05:24","modified_gmt":"2025-09-10T15:05:24","slug":"265-2","status":"publish","type":"page","link":"https:\/\/notanagency.ch\/?page_id=265","title":{"rendered":"Datenschutz"},"content":{"rendered":"<p>[et_pb_section fb_built=&#8220;1&#8243; admin_label=&#8220;AboutCaraoke&#8220; _builder_version=&#8220;4.27.4&#8243; _module_preset=&#8220;default&#8220; background_color=&#8220;#000000&#8243; background_enable_image=&#8220;off&#8220; parallax=&#8220;on&#8220; background_enable_video_mp4=&#8220;off&#8220; min_height=&#8220;435.6px&#8220; custom_padding=&#8220;68px|||||&#8220; collapsed=&#8220;on&#8220; global_colors_info=&#8220;{}&#8220;][et_pb_row _builder_version=&#8220;4.27.4&#8243; _module_preset=&#8220;default&#8220; max_width=&#8220;1453px&#8220; locked=&#8220;off&#8220; global_colors_info=&#8220;{}&#8220;][et_pb_column type=&#8220;4_4&#8243; _builder_version=&#8220;4.25.1&#8243; _module_preset=&#8220;default&#8220; global_colors_info=&#8220;{}&#8220;][et_pb_heading title=&#8220;Datenschutz&#8220; _builder_version=&#8220;4.27.4&#8243; _module_preset=&#8220;827f7c97-1d93-46d7-8067-3143144e3054&#8243; title_font=&#8220;&#8211;et_global_heading_font|700|||||||&#8220; title_text_color=&#8220;#FFFFFF&#8220;][\/et_pb_heading][et_pb_text _builder_version=&#8220;4.27.4&#8243; _module_preset=&#8220;7d6eae91-fe4c-4cca-b213-a484ce88910d&#8220; text_font=&#8220;Inter||on||||||&#8220; text_text_color=&#8220;#FFFFFF&#8220; header_text_color=&#8220;#FFFFFF&#8220; background_color=&#8220;#000000&#8243; background_layout=&#8220;dark&#8220; custom_padding=&#8220;|0px||||&#8220; global_colors_info=&#8220;{%22gcid-5ce2ff5c-ec55-4afe-b04f-cda004e53cb8%22:%91%22link_text_color%22,%22quote_text_color%22,%22quote_border_color%22,%22link_text_color%22,%22quote_text_color%22,%22quote_border_color%22%93}&#8220;]<\/p>\n<p>Datenschutzerkl\u00e4rung<br \/>Stand: 10. September 2025<\/p>\n<p>Vielen Dank f\u00fcr Ihren Besuch auf unserer Website. Der Schutz Ihrer Privatsph\u00e4re ist uns wichtig. Im Folgenden informieren wir Sie \u00fcber den Umgang mit Ihren personenbezogenen Daten bei der Nutzung unserer Website. Diese Datenschutzerkl\u00e4rung gilt f\u00fcr die Website notanagency.ch\u00a0und alle damit verbundenen Unterseiten.<\/p>\n<p>1. Verantwortlicher<br \/>Verantwortlich f\u00fcr den Datenschutz ist:<br \/>Shoma Pujic<br \/>E-Mail: shoma@notanagency.ch<\/p>\n<p>Falls zutreffend: Wir haben keinen Datenschutzbeauftragten bestellt, da dies aufgrund der geringen Datenverarbeitung nicht erforderlich ist.<\/p>\n<p>2. Erhebung und Verarbeitung personenbezogener Daten<br \/>Unsere Website erfasst\u00a0keine personenbezogenen Daten\u00a0von Nutzern. Das bedeutet:<\/p>\n<p>Wir speichern keine IP-Adressen, E-Mail-Adressen, Namen oder andere Informationen, die auf eine nat\u00fcrliche Person r\u00fcckschlie\u00dfen lassen.<br \/>Es werden keine Cookies, Tracking-Tools (z. B. Google Analytics) oder \u00e4hnliche Technologien eingesetzt.<br \/>Es gibt keine Formulare, Newsletter-Anmeldungen oder andere Funktionen, die personenbezogene Daten erfordern.<br \/>Die Nutzung der Website erfolgt rein informativ und anonym. Server-Logs (z. B. f\u00fcr technische Zwecke wie Fehleranalyse) werden, falls vorhanden, nur tempor\u00e4r und ohne personenbezogenen Bezug gespeichert und automatisch gel\u00f6scht.<\/p>\n<p>3. Zwecke der Datenverarbeitung<br \/>Da keine personenbezogenen Daten erhoben werden, gibt es keine Verarbeitungszwecke. Die Website dient ausschlie\u00dflich der Bereitstellung von Informationen.<\/p>\n<p>4. Weitergabe von Daten an Dritte<br \/>Es werden keine personenbezogenen Daten an Dritte weitergegeben, da keine solchen Daten erfasst werden. Externe Dienstleister verarbeiten ggf. technische Daten ohne personenbezogenen Bezug und unter Einhaltung datenschutzrechtlicher Vorgaben.<\/p>\n<p>5. Speicherdauer<br \/>Da keine personenbezogenen Daten erfasst werden, gibt es keine Speicherdauer.<\/p>\n<p>6. Rechte der betroffenen Personen<br \/>Auch wenn wir keine personenbezogenen Daten verarbeiten, haben Sie gem\u00e4\u00df dem schweizerischen Datenschutzgesetz (DSG) und der DSGVO folgende Rechte:<\/p>\n<p>Auskunft: Sie k\u00f6nnen jederzeit Auskunft \u00fcber etwaig vorhandene Daten verlangen.<br \/>Berichtigung, L\u00f6schung oder Einschr\u00e4nkung: Falls Daten vorhanden w\u00e4ren, k\u00f6nnten Sie diese berichtigen, l\u00f6schen oder die Verarbeitung einschr\u00e4nken lassen.<br \/>Widerspruch: Sie k\u00f6nnen der Verarbeitung widersprechen.<br \/>Beschwerderecht: Bei Fragen oder Beschwerden wenden Sie sich an die Eidgen\u00f6ssische Datenschutz- und \u00d6ffentlichkeitsbeauftragte (ED\u00d6B) in der Schweiz (www.edoeb.admin.ch) oder die zust\u00e4ndige Aufsichtsbeh\u00f6rde in Ihrem Land.<br \/>Kontaktieren Sie uns hierzu per E-Mail an mail@notanagency.ch<\/p>\n<p>7. \u00c4nderungen dieser Datenschutzerkl\u00e4rung<br \/>Wir behalten uns vor, diese Datenschutzerkl\u00e4rung bei Bedarf anzupassen, z. B. bei \u00c4nderungen der Website-Funktionen. Die jeweils aktuelle Version finden Sie auf dieser Seite. Wir empfehlen, diese Erkl\u00e4rung regelm\u00e4\u00dfig zu pr\u00fcfen.<\/p>\n<p>Falls Sie Fragen haben, kontaktieren Sie uns gerne.<\/p>\n<p>&nbsp;<\/p>\n<p>&nbsp;<\/p>\n<p>[\/et_pb_text][\/et_pb_column][\/et_pb_row][\/et_pb_section][et_pb_section fb_built=&#8220;1&#8243; admin_label=&#8220;Footer&#8220; _builder_version=&#8220;4.25.1&#8243; _module_preset=&#8220;default&#8220; saved_tabs=&#8220;all&#8220; collapsed=&#8220;on&#8220; global_colors_info=&#8220;{}&#8220;][et_pb_row column_structure=&#8220;1_3,1_3,1_3&#8243; _builder_version=&#8220;4.25.1&#8243; _module_preset=&#8220;default&#8220; global_colors_info=&#8220;{}&#8220;][et_pb_column type=&#8220;1_3&#8243; _builder_version=&#8220;4.25.1&#8243; _module_preset=&#8220;default&#8220; global_colors_info=&#8220;{}&#8220;][et_pb_heading title=&#8220;Contact&#8220; _builder_version=&#8220;4.25.1&#8243; _module_preset=&#8220;0a989381-8414-40c4-a9fa-6679433dc2c0&#8243; locked=&#8220;off&#8220;][\/et_pb_heading][et_pb_button button_url=&#8220;https:\/\/notanagency.ch\/?page_id=274&#8243; button_text=&#8220;Get in Touch&#8220; _builder_version=&#8220;4.27.4&#8243; _module_preset=&#8220;cc72576c-e39f-4157-847e-6d2fc8510442&#8243; button_bg_color=&#8220;#000000&#8243; custom_margin=&#8220;||20px||false|false&#8220; global_colors_info=&#8220;{}&#8220;][\/et_pb_button][et_pb_text _builder_version=&#8220;4.27.4&#8243; _module_preset=&#8220;7d6eae91-fe4c-4cca-b213-a484ce88910d&#8220; custom_padding=&#8220;||0px|||&#8220; global_colors_info=&#8220;{}&#8220;]<\/p>\n<p>mail@notanagency.ch<\/p>\n<p>[\/et_pb_text][\/et_pb_column][et_pb_column type=&#8220;1_3&#8243; _builder_version=&#8220;4.25.1&#8243; _module_preset=&#8220;default&#8220; global_colors_info=&#8220;{}&#8220;][et_pb_heading title=&#8220;What we do&#8220; _builder_version=&#8220;4.27.4&#8243; _module_preset=&#8220;0a989381-8414-40c4-a9fa-6679433dc2c0&#8243; locked=&#8220;off&#8220;][\/et_pb_heading][et_pb_button button_text=&#8220;Our Work&#8220; _builder_version=&#8220;4.27.4&#8243; _module_preset=&#8220;cc72576c-e39f-4157-847e-6d2fc8510442&#8243; button_bg_color=&#8220;#000000&#8243; custom_margin=&#8220;||20px||false|false&#8220; global_colors_info=&#8220;{}&#8220;][\/et_pb_button][\/et_pb_column][et_pb_column type=&#8220;1_3&#8243; _builder_version=&#8220;4.25.1&#8243; _module_preset=&#8220;default&#8220; global_colors_info=&#8220;{}&#8220;][et_pb_heading title=&#8220;Small Print&#8220; _builder_version=&#8220;4.27.4&#8243; _module_preset=&#8220;0a989381-8414-40c4-a9fa-6679433dc2c0&#8243; locked=&#8220;off&#8220;][\/et_pb_heading][et_pb_button button_url=&#8220;https:\/\/notanagency.ch\/?page_id=265&#8243; button_text=&#8220;Datenschutz&#8220; _builder_version=&#8220;4.27.4&#8243; _module_preset=&#8220;cc72576c-e39f-4157-847e-6d2fc8510442&#8243; button_bg_color=&#8220;#000000&#8243; custom_margin=&#8220;||20px||false|false&#8220; global_colors_info=&#8220;{}&#8220;][\/et_pb_button][et_pb_button button_text=&#8220;Impressum    &#8220; _builder_version=&#8220;4.27.4&#8243; _module_preset=&#8220;cc72576c-e39f-4157-847e-6d2fc8510442&#8243; button_bg_color=&#8220;#000000&#8243; custom_margin=&#8220;||20px||false|false&#8220; hover_enabled=&#8220;0&#8243; global_colors_info=&#8220;{}&#8220; button_url=&#8220;https:\/\/notanagency.ch\/?page_id=287&#8243; sticky_enabled=&#8220;0&#8243;][\/et_pb_button][\/et_pb_column][\/et_pb_row][\/et_pb_section]<\/p>\n","protected":false},"excerpt":{"rendered":"<p>Datenschutzerkl\u00e4rungStand: 10. September 2025 Vielen Dank f\u00fcr Ihren Besuch auf unserer Website. Der Schutz Ihrer Privatsph\u00e4re ist uns wichtig. Im Folgenden informieren wir Sie \u00fcber den Umgang mit Ihren personenbezogenen Daten bei der Nutzung unserer Website. Diese Datenschutzerkl\u00e4rung gilt f\u00fcr die Website notanagency.ch\u00a0und alle damit verbundenen Unterseiten. 1. VerantwortlicherVerantwortlich f\u00fcr den Datenschutz ist:Shoma PujicE-Mail: shoma@notanagency.ch [&hellip;]<\/p>\n","protected":false},"author":1,"featured_media":0,"parent":0,"menu_order":0,"comment_status":"closed","ping_status":"closed","template":"","meta":{"_et_pb_use_builder":"on","_et_pb_old_content":"","_et_gb_content_width":"","footnotes":""},"class_list":["post-265","page","type-page","status-publish","hentry"],"_links":{"self":[{"href":"https:\/\/notanagency.ch\/index.php?rest_route=\/wp\/v2\/pages\/265","targetHints":{"allow":["GET"]}}],"collection":[{"href":"https:\/\/notanagency.ch\/index.php?rest_route=\/wp\/v2\/pages"}],"about":[{"href":"https:\/\/notanagency.ch\/index.php?rest_route=\/wp\/v2\/types\/page"}],"author":[{"embeddable":true,"href":"https:\/\/notanagency.ch\/index.php?rest_route=\/wp\/v2\/users\/1"}],"replies":[{"embeddable":true,"href":"https:\/\/notanagency.ch\/index.php?rest_route=%2Fwp%2Fv2%2Fcomments&post=265"}],"version-history":[{"count":9,"href":"https:\/\/notanagency.ch\/index.php?rest_route=\/wp\/v2\/pages\/265\/revisions"}],"predecessor-version":[{"id":293,"href":"https:\/\/notanagency.ch\/index.php?rest_route=\/wp\/v2\/pages\/265\/revisions\/293"}],"wp:attachment":[{"href":"https:\/\/notanagency.ch\/index.php?rest_route=%2Fwp%2Fv2%2Fmedia&parent=265"}],"curies":[{"name":"wp","href":"https:\/\/api.w.org\/{rel}","templated":true}]}}