{"id":287,"date":"2025-09-10T15:04:23","date_gmt":"2025-09-10T15:04:23","guid":{"rendered":"https:\/\/notanagency.ch\/?page_id=287"},"modified":"2025-09-10T15:04:45","modified_gmt":"2025-09-10T15:04:45","slug":"impressum","status":"publish","type":"page","link":"https:\/\/notanagency.ch\/?page_id=287","title":{"rendered":"Impressum"},"content":{"rendered":"<p>[et_pb_section fb_built=&#8220;1&#8243; admin_label=&#8220;AboutCaraoke&#8220; _builder_version=&#8220;4.27.4&#8243; _module_preset=&#8220;default&#8220; background_color=&#8220;#000000&#8243; background_enable_image=&#8220;off&#8220; parallax=&#8220;on&#8220; background_enable_video_mp4=&#8220;off&#8220; min_height=&#8220;435.6px&#8220; custom_padding=&#8220;68px|||||&#8220; collapsed=&#8220;on&#8220; global_colors_info=&#8220;{}&#8220; theme_builder_area=&#8220;post_content&#8220;][et_pb_row _builder_version=&#8220;4.27.4&#8243; _module_preset=&#8220;default&#8220; max_width=&#8220;1453px&#8220; locked=&#8220;off&#8220; global_colors_info=&#8220;{}&#8220; theme_builder_area=&#8220;post_content&#8220;][et_pb_column type=&#8220;4_4&#8243; _builder_version=&#8220;4.25.1&#8243; _module_preset=&#8220;default&#8220; global_colors_info=&#8220;{}&#8220; theme_builder_area=&#8220;post_content&#8220;][et_pb_heading title=&#8220;Impressum&#8220; _builder_version=&#8220;4.27.4&#8243; _module_preset=&#8220;827f7c97-1d93-46d7-8067-3143144e3054&#8243; title_font=&#8220;&#8211;et_global_heading_font|700|||||||&#8220; title_text_color=&#8220;#FFFFFF&#8220; theme_builder_area=&#8220;post_content&#8220;][\/et_pb_heading][et_pb_text _builder_version=&#8220;4.27.4&#8243; _module_preset=&#8220;7d6eae91-fe4c-4cca-b213-a484ce88910d&#8220; text_font=&#8220;Inter||on||||||&#8220; text_text_color=&#8220;#FFFFFF&#8220; header_text_color=&#8220;#FFFFFF&#8220; background_color=&#8220;#000000&#8243; background_layout=&#8220;dark&#8220; custom_padding=&#8220;|0px||||&#8220; hover_enabled=&#8220;0&#8243; global_colors_info=&#8220;{%22gcid-5ce2ff5c-ec55-4afe-b04f-cda004e53cb8%22:%91%22link_text_color%22,%22quote_text_color%22,%22quote_border_color%22,%22link_text_color%22,%22quote_text_color%22,%22quote_border_color%22%93}&#8220; theme_builder_area=&#8220;post_content&#8220; sticky_enabled=&#8220;0&#8243;]<\/p>\n<p>Betreiber und Kontakt<\/p>\n<p>Notanagency<\/p>\n<p>Alte Dorfstrasse 48<\/p>\n<p>8704 Herrliberg<\/p>\n<p>Verantwortliche Person: Shoma Pujic<\/p>\n<p>&nbsp;<\/p>\n<p>Kontakt: mail@notanagency.ch<\/p>\n<p>&nbsp;<\/p>\n<p>Rechtliche Hinweise:<\/p>\n<p>&nbsp;<\/p>\n<p>Haftungsausschluss<\/p>\n<p>1. Inhalt der Website<br \/>Die Inhalte unserer Seiten wurden mit gr\u00f6\u00dfter Sorgfalt erstellt. F\u00fcr die Richtigkeit, Vollst\u00e4ndigkeit und Aktualit\u00e4t der Inhalte k\u00f6nnen wir jedoch keine Gew\u00e4hr \u00fcbernehmen. Als Diensteanbieter sind wir f\u00fcr eigene Inhalte auf diesen Seiten nach den allgemeinen Gesetzen verantwortlich.<\/p>\n<p>2. Externe Links<br \/>Unser Angebot enth\u00e4lt Links zu externen Websites Dritter, auf deren Inhalte wir keinen Einfluss haben. Deshalb k\u00f6nnen wir f\u00fcr diese fremden Inhalte auch keine Gew\u00e4hr \u00fcbernehmen. F\u00fcr die Inhalte der verlinkten Seiten ist stets der jeweilige Anbieter oder Betreiber der Seiten verantwortlich.<\/p>\n<p>Die verlinkten Seiten wurden zum Zeitpunkt der Verlinkung auf m\u00f6gliche Rechtsverst\u00f6\u00dfe \u00fcberpr\u00fcft. Rechtswidrige Inhalte waren zum Zeitpunkt der Verlinkung nicht erkennbar. Eine permanente inhaltliche Kontrolle der verlinkten Seiten ist jedoch ohne konkrete Anhaltspunkte einer Rechtsverletzung nicht zumutbar.<\/p>\n<p>3. Allgemeine Haftungsbegrenzung<br \/>Wir \u00fcbernehmen keine Haftung f\u00fcr Sch\u00e4den, die durch die Nutzung dieser Website entstehen k\u00f6nnten, es sei denn, diese beruhen auf Vorsatz oder grober Fahrl\u00e4ssigkeit unsererseits.<\/p>\n<p>Urheberrecht und KI-generierte Inhalte<br \/>1. Urheberrechte<br \/>Die durch die Betreiber der Seiten erstellten Inhalte und Werke auf diesen Seiten unterliegen dem schweizerischen Urheberrecht. Die Vervielf\u00e4ltigung, Bearbeitung, Verbreitung und jede Art der Verwertung au\u00dferhalb der Grenzen des Urheberrechts bed\u00fcrfen der schriftlichen Zustimmung des jeweiligen Autors bzw. Erstellers.<\/p>\n<p>2. KI-generierte visuelle Inhalte<br \/>Wichtiger Hinweis:\u00a0S\u00e4mtliche visuellen Assets auf dieser Website (Bilder, Grafiken, Videos) wurden mittels k\u00fcnstlicher Intelligenz (KI) erstellt.<\/p>\n<p>Diese KI-generierten Inhalte:<\/p>\n<p>Wurden unter Einhaltung der Nutzungsbedingungen der verwendeten KI-Tools erstellt<br \/>Verletzen nach unserem besten Wissen keine Urheberrechte Dritter<br \/>Unterliegen den besonderen rechtlichen Bestimmungen f\u00fcr KI-generierte Werke gem\u00e4\u00df schweizerischem Recht<br \/>Die Verwendung unserer KI-generierten visuellen Inhalte ohne ausdr\u00fcckliche schriftliche Zustimmung ist nicht gestattet.<\/p>\n<p>3. Markenrechte<br \/>Alle auf dieser Website verwendeten Marken und Warenzeichen sind Eigentum ihrer jeweiligen Inhaber und entsprechend gesch\u00fctzt.<\/p>\n<p>&nbsp;<\/p>\n<p>Stand: September 2025<\/p>\n<p>[\/et_pb_text][\/et_pb_column][\/et_pb_row][\/et_pb_section][et_pb_section fb_built=&#8220;1&#8243; admin_label=&#8220;Footer&#8220; _builder_version=&#8220;4.25.1&#8243; _module_preset=&#8220;default&#8220; saved_tabs=&#8220;all&#8220; collapsed=&#8220;on&#8220; global_colors_info=&#8220;{}&#8220; theme_builder_area=&#8220;post_content&#8220;][et_pb_row column_structure=&#8220;1_3,1_3,1_3&#8243; _builder_version=&#8220;4.25.1&#8243; _module_preset=&#8220;default&#8220; global_colors_info=&#8220;{}&#8220; theme_builder_area=&#8220;post_content&#8220;][et_pb_column type=&#8220;1_3&#8243; _builder_version=&#8220;4.25.1&#8243; _module_preset=&#8220;default&#8220; global_colors_info=&#8220;{}&#8220; theme_builder_area=&#8220;post_content&#8220;][et_pb_heading title=&#8220;Contact&#8220; _builder_version=&#8220;4.25.1&#8243; _module_preset=&#8220;0a989381-8414-40c4-a9fa-6679433dc2c0&#8243; locked=&#8220;off&#8220; theme_builder_area=&#8220;post_content&#8220;][\/et_pb_heading][et_pb_button button_url=&#8220;https:\/\/notanagency.ch\/?page_id=274&#8243; button_text=&#8220;Get in Touch&#8220; _builder_version=&#8220;4.27.4&#8243; _module_preset=&#8220;cc72576c-e39f-4157-847e-6d2fc8510442&#8243; button_bg_color=&#8220;#000000&#8243; custom_margin=&#8220;||20px||false|false&#8220; global_colors_info=&#8220;{}&#8220; theme_builder_area=&#8220;post_content&#8220;][\/et_pb_button][et_pb_text _builder_version=&#8220;4.27.4&#8243; _module_preset=&#8220;7d6eae91-fe4c-4cca-b213-a484ce88910d&#8220; custom_padding=&#8220;||0px|||&#8220; global_colors_info=&#8220;{}&#8220; theme_builder_area=&#8220;post_content&#8220;]<\/p>\n<p>mail@notanagency.ch<\/p>\n<p>[\/et_pb_text][\/et_pb_column][et_pb_column type=&#8220;1_3&#8243; _builder_version=&#8220;4.25.1&#8243; _module_preset=&#8220;default&#8220; global_colors_info=&#8220;{}&#8220; theme_builder_area=&#8220;post_content&#8220;][et_pb_heading title=&#8220;What we do&#8220; _builder_version=&#8220;4.27.4&#8243; _module_preset=&#8220;0a989381-8414-40c4-a9fa-6679433dc2c0&#8243; locked=&#8220;off&#8220; theme_builder_area=&#8220;post_content&#8220;][\/et_pb_heading][et_pb_button button_text=&#8220;Our Work&#8220; _builder_version=&#8220;4.27.4&#8243; _module_preset=&#8220;cc72576c-e39f-4157-847e-6d2fc8510442&#8243; button_bg_color=&#8220;#000000&#8243; custom_margin=&#8220;||20px||false|false&#8220; global_colors_info=&#8220;{}&#8220; theme_builder_area=&#8220;post_content&#8220;][\/et_pb_button][\/et_pb_column][et_pb_column type=&#8220;1_3&#8243; _builder_version=&#8220;4.25.1&#8243; _module_preset=&#8220;default&#8220; global_colors_info=&#8220;{}&#8220; theme_builder_area=&#8220;post_content&#8220;][et_pb_heading title=&#8220;Small Print&#8220; _builder_version=&#8220;4.27.4&#8243; _module_preset=&#8220;0a989381-8414-40c4-a9fa-6679433dc2c0&#8243; locked=&#8220;off&#8220; theme_builder_area=&#8220;post_content&#8220;][\/et_pb_heading][et_pb_button button_url=&#8220;https:\/\/notanagency.ch\/?page_id=265&#8243; button_text=&#8220;Datenschutz&#8220; _builder_version=&#8220;4.27.4&#8243; _module_preset=&#8220;cc72576c-e39f-4157-847e-6d2fc8510442&#8243; button_bg_color=&#8220;#000000&#8243; custom_margin=&#8220;||20px||false|false&#8220; global_colors_info=&#8220;{}&#8220; theme_builder_area=&#8220;post_content&#8220;][\/et_pb_button][et_pb_button button_text=&#8220;Impressum    &#8220; _builder_version=&#8220;4.27.4&#8243; _module_preset=&#8220;cc72576c-e39f-4157-847e-6d2fc8510442&#8243; button_bg_color=&#8220;#000000&#8243; custom_margin=&#8220;||20px||false|false&#8220; hover_enabled=&#8220;0&#8243; global_colors_info=&#8220;{}&#8220; theme_builder_area=&#8220;post_content&#8220; button_url=&#8220;https:\/\/notanagency.ch\/?page_id=287&#8243; sticky_enabled=&#8220;0&#8243;][\/et_pb_button][\/et_pb_column][\/et_pb_row][\/et_pb_section]<\/p>\n","protected":false},"excerpt":{"rendered":"<p>Betreiber und Kontakt Notanagency Alte Dorfstrasse 48 8704 Herrliberg Verantwortliche Person: Shoma Pujic &nbsp; Kontakt: mail@notanagency.ch &nbsp; Rechtliche Hinweise: &nbsp; Haftungsausschluss 1. Inhalt der WebsiteDie Inhalte unserer Seiten wurden mit gr\u00f6\u00dfter Sorgfalt erstellt. F\u00fcr die Richtigkeit, Vollst\u00e4ndigkeit und Aktualit\u00e4t der Inhalte k\u00f6nnen wir jedoch keine Gew\u00e4hr \u00fcbernehmen. Als Diensteanbieter sind wir f\u00fcr eigene Inhalte auf [&hellip;]<\/p>\n","protected":false},"author":1,"featured_media":0,"parent":0,"menu_order":0,"comment_status":"closed","ping_status":"closed","template":"","meta":{"_et_pb_use_builder":"on","_et_pb_old_content":"","_et_gb_content_width":"","footnotes":""},"class_list":["post-287","page","type-page","status-publish","hentry"],"_links":{"self":[{"href":"https:\/\/notanagency.ch\/index.php?rest_route=\/wp\/v2\/pages\/287","targetHints":{"allow":["GET"]}}],"collection":[{"href":"https:\/\/notanagency.ch\/index.php?rest_route=\/wp\/v2\/pages"}],"about":[{"href":"https:\/\/notanagency.ch\/index.php?rest_route=\/wp\/v2\/types\/page"}],"author":[{"embeddable":true,"href":"https:\/\/notanagency.ch\/index.php?rest_route=\/wp\/v2\/users\/1"}],"replies":[{"embeddable":true,"href":"https:\/\/notanagency.ch\/index.php?rest_route=%2Fwp%2Fv2%2Fcomments&post=287"}],"version-history":[{"count":4,"href":"https:\/\/notanagency.ch\/index.php?rest_route=\/wp\/v2\/pages\/287\/revisions"}],"predecessor-version":[{"id":292,"href":"https:\/\/notanagency.ch\/index.php?rest_route=\/wp\/v2\/pages\/287\/revisions\/292"}],"wp:attachment":[{"href":"https:\/\/notanagency.ch\/index.php?rest_route=%2Fwp%2Fv2%2Fmedia&parent=287"}],"curies":[{"name":"wp","href":"https:\/\/api.w.org\/{rel}","templated":true}]}}